{"id":656,"date":"2025-08-05T07:30:15","date_gmt":"2025-08-05T07:30:15","guid":{"rendered":"https:\/\/safarienko.com\/awareness\/"},"modified":"2025-08-05T07:30:15","modified_gmt":"2025-08-05T07:30:15","slug":"awareness","status":"publish","type":"page","link":"https:\/\/safarienko.com\/fr\/awareness\/","title":{"rendered":"Conscience"},"content":{"rendered":"<div data-elementor-type=\"wp-page\" data-elementor-id=\"656\" class=\"elementor elementor-656\" data-elementor-post-type=\"page\">\n\t\t\t\t<div class=\"elementor-element elementor-element-3ffbf5c e-flex e-con-boxed e-con e-parent\" data-id=\"3ffbf5c\" data-element_type=\"container\" data-settings=\"{&quot;background_background&quot;:&quot;classic&quot;}\">\n\t\t\t\t\t<div class=\"e-con-inner\">\n\t\t<div class=\"elementor-element elementor-element-934ed4b e-con-full e-flex e-con e-child\" data-id=\"934ed4b\" data-element_type=\"container\">\n\t\t\t\t<div class=\"elementor-element elementor-element-a817040 elementor-widget elementor-widget-heading\" data-id=\"a817040\" data-element_type=\"widget\" data-widget_type=\"heading.default\">\n\t\t\t\t\t<h3 class=\"elementor-heading-title elementor-size-default\">La conservation \u00e0 Wildlife Safari<\/h3>\t\t\t\t<\/div>\n\t\t\t\t<div class=\"elementor-element elementor-element-b4169f1 elementor-widget elementor-widget-heading\" data-id=\"b4169f1\" data-element_type=\"widget\" data-widget_type=\"heading.default\">\n\t\t\t\t\t<h1 class=\"elementor-heading-title elementor-size-default\">Conscience<\/h1>\t\t\t\t<\/div>\n\t\t\t\t<\/div>\n\t\t\t\t\t<\/div>\n\t\t\t\t<\/div>\n\t\t<div class=\"elementor-element elementor-element-ae0d8b9 e-flex e-con-boxed e-con e-parent\" data-id=\"ae0d8b9\" data-element_type=\"container\" data-settings=\"{&quot;background_background&quot;:&quot;gradient&quot;}\">\n\t\t\t\t\t<div class=\"e-con-inner\">\n\t\t<div class=\"elementor-element elementor-element-9595532 e-con-full e-flex e-con e-child\" data-id=\"9595532\" data-element_type=\"container\">\n\t\t\t\t<\/div>\n\t\t\t\t\t<\/div>\n\t\t\t\t<\/div>\n\t\t<div class=\"elementor-element elementor-element-2b914c0 e-flex e-con-boxed e-con e-parent\" data-id=\"2b914c0\" data-element_type=\"container\" data-settings=\"{&quot;background_background&quot;:&quot;classic&quot;}\">\n\t\t\t\t\t<div class=\"e-con-inner\">\n\t\t<div class=\"elementor-element elementor-element-5da2323 e-con-full e-flex e-con e-child\" data-id=\"5da2323\" data-element_type=\"container\">\n\t\t\t\t<div class=\"elementor-element elementor-element-28beeeb elementor-widget elementor-widget-image\" data-id=\"28beeeb\" data-element_type=\"widget\" data-widget_type=\"image.default\">\n\t\t\t\t\t\t\t\t\t\t\t\t\t\t\t<img fetchpriority=\"high\" decoding=\"async\" width=\"880\" height=\"550\" src=\"https:\/\/safarienko.com\/wp-content\/uploads\/2022\/10\/bg-08.jpg\" class=\"attachment-full size-full wp-image-552\" alt=\"bg 08\" srcset=\"https:\/\/safarienko.com\/wp-content\/uploads\/2022\/10\/bg-08.jpg 880w, https:\/\/safarienko.com\/wp-content\/uploads\/2022\/10\/bg-08-600x375.jpg 600w, https:\/\/safarienko.com\/wp-content\/uploads\/2022\/10\/bg-08-300x188.jpg 300w, https:\/\/safarienko.com\/wp-content\/uploads\/2022\/10\/bg-08-768x480.jpg 768w\" sizes=\"(max-width: 880px) 100vw, 880px\" title=\"Conscience\">\t\t\t\t\t\t\t\t\t\t\t\t\t\t\t<\/div>\n\t\t\t\t<div class=\"elementor-element elementor-element-95e1bfc elementor-widget elementor-widget-heading\" data-id=\"95e1bfc\" data-element_type=\"widget\" data-widget_type=\"heading.default\">\n\t\t\t\t\t<h3 class=\"elementor-heading-title elementor-size-default\">La douleur elle-m\u00eame est amour.<\/h3>\t\t\t\t<\/div>\n\t\t\t\t<div class=\"elementor-element elementor-element-5c01b7c elementor-widget elementor-widget-heading\" data-id=\"5c01b7c\" data-element_type=\"widget\" data-widget_type=\"heading.default\">\n\t\t\t\t\t<h2 class=\"elementor-heading-title elementor-size-default\">Mufasa Safari \u0153uvre \u00e0 pr\u00e9server et \u00e0 prot\u00e9ger des esp\u00e8ces sauvages incroyables.<\/h2>\t\t\t\t<\/div>\n\t\t\t\t<div class=\"elementor-element elementor-element-b0d002f elementor-widget-divider--view-line elementor-widget elementor-widget-divider\" data-id=\"b0d002f\" data-element_type=\"widget\" data-widget_type=\"divider.default\">\n\t\t\t\t\t\t\t<div class=\"elementor-divider\">\n\t\t\t<span class=\"elementor-divider-separator\">\n\t\t\t\t\t\t<\/span>\n\t\t<\/div>\n\t\t\t\t\t\t<\/div>\n\t\t<div class=\"elementor-element elementor-element-e9a8080 e-con-full e-flex e-con e-child\" data-id=\"e9a8080\" data-element_type=\"container\">\n\t\t<div class=\"elementor-element elementor-element-8f999da e-con-full e-flex e-con e-child\" data-id=\"8f999da\" data-element_type=\"container\">\n\t\t\t\t<div class=\"elementor-element elementor-element-24bf028 elementor-widget elementor-widget-heading\" data-id=\"24bf028\" data-element_type=\"widget\" data-widget_type=\"heading.default\">\n\t\t\t\t\t<h5 class=\"elementor-heading-title elementor-size-default\">Soutenir les efforts de conservation<\/h5>\t\t\t\t<\/div>\n\t\t\t\t<\/div>\n\t\t<div class=\"elementor-element elementor-element-6db1598 e-con-full e-flex e-con e-child\" data-id=\"6db1598\" data-element_type=\"container\">\n\t\t\t\t<div class=\"elementor-element elementor-element-0483869 elementor-widget elementor-widget-text-editor\" data-id=\"0483869\" data-element_type=\"widget\" data-widget_type=\"text-editor.default\">\n\t\t\t\t\t\t\t\t\t<p>Duis sempre ac nunc ut pharetra. Ut fermentum euismod odio, sed mattis sapien rhoncus eu. Aliquam erat volutpat. Phasellus laoreet rhoncus dolor, quis feugiat turpis porttitor ac. Dans l'habitasse platea dictumst. In et tempus est, vel cons\u00e9quat arcu. Ut nisl lectus, tempor nec fermentum ut, tincidunt eu ipsum. M\u00e9c\u00e8ne commodo malesuada neque quis ultricies. Mauris viverra nec mi eget sagittis. Ut sit amet facilisis nibh. \u00c9n\u00e9en accumsan bibendum arcu et aliquet. Morbi efficitur cursus elit quis faucibus.\u00a0<\/p>\t\t\t\t\t\t\t\t<\/div>\n\t\t\t\t<\/div>\n\t\t\t\t<\/div>\n\t\t<div class=\"elementor-element elementor-element-13ed12f e-con-full e-flex e-con e-child\" data-id=\"13ed12f\" data-element_type=\"container\">\n\t\t<div class=\"elementor-element elementor-element-4efa4ab e-con-full e-flex e-con e-child\" data-id=\"4efa4ab\" data-element_type=\"container\">\n\t\t\t\t<div class=\"elementor-element elementor-element-41eb243 elementor-widget elementor-widget-heading\" data-id=\"41eb243\" data-element_type=\"widget\" data-widget_type=\"heading.default\">\n\t\t\t\t\t<h5 class=\"elementor-heading-title elementor-size-default\">Soutenir les communaut\u00e9s locales<\/h5>\t\t\t\t<\/div>\n\t\t\t\t<\/div>\n\t\t<div class=\"elementor-element elementor-element-42c18e9 e-con-full e-flex e-con e-child\" data-id=\"42c18e9\" data-element_type=\"container\">\n\t\t\t\t<div class=\"elementor-element elementor-element-39b7667 elementor-widget elementor-widget-text-editor\" data-id=\"39b7667\" data-element_type=\"widget\" data-widget_type=\"text-editor.default\">\n\t\t\t\t\t\t\t\t\t<p>Duis sempre ac nunc ut pharetra. Ut fermentum euismod odio, sed mattis sapien rhoncus eu. Aliquam erat volutpat. Phasellus laoreet rhoncus dolor, quis feugiat turpis porttitor ac. Dans l'habitasse platea dictumst. In et tempus est, vel cons\u00e9quat arcu. Ut nisl lectus, tempor nec fermentum ut, tincidunt eu ipsum. M\u00e9c\u00e8ne commodo malesuada neque quis ultricies. Mauris viverra nec mi eget sagittis. Ut sit amet facilisis nibh. \u00c9n\u00e9en accumsan bibendum arcu et aliquet. Morbi efficitur cursus elit quis faucibus.\u00a0<\/p>\t\t\t\t\t\t\t\t<\/div>\n\t\t\t\t<\/div>\n\t\t\t\t<\/div>\n\t\t<div class=\"elementor-element elementor-element-afd305a e-con-full e-flex e-con e-child\" data-id=\"afd305a\" data-element_type=\"container\">\n\t\t<div class=\"elementor-element elementor-element-cc0324b e-con-full e-flex e-con e-child\" data-id=\"cc0324b\" data-element_type=\"container\">\n\t\t\t\t<div class=\"elementor-element elementor-element-dbbc197 elementor-widget elementor-widget-heading\" data-id=\"dbbc197\" data-element_type=\"widget\" data-widget_type=\"heading.default\">\n\t\t\t\t\t<h5 class=\"elementor-heading-title elementor-size-default\">Aider les animaux sauvages<\/h5>\t\t\t\t<\/div>\n\t\t\t\t<\/div>\n\t\t<div class=\"elementor-element elementor-element-d9c53b9 e-con-full e-flex e-con e-child\" data-id=\"d9c53b9\" data-element_type=\"container\">\n\t\t\t\t<div class=\"elementor-element elementor-element-92a7392 elementor-widget elementor-widget-text-editor\" data-id=\"92a7392\" data-element_type=\"widget\" data-widget_type=\"text-editor.default\">\n\t\t\t\t\t\t\t\t\t<p>Duis sempre ac nunc ut pharetra. Ut fermentum euismod odio, sed mattis sapien rhoncus eu. Aliquam erat volutpat. Phasellus laoreet rhoncus dolor, quis feugiat turpis porttitor ac. Dans l'habitasse platea dictumst. In et tempus est, vel cons\u00e9quat arcu. Ut nisl lectus, tempor nec fermentum ut, tincidunt eu ipsum. M\u00e9c\u00e8ne commodo malesuada neque quis ultricies. Mauris viverra nec mi eget sagittis. Ut sit amet facilisis nibh. \u00c9n\u00e9en accumsan bibendum arcu et aliquet. Morbi efficitur cursus elit quis faucibus.\u00a0<\/p>\t\t\t\t\t\t\t\t<\/div>\n\t\t\t\t<\/div>\n\t\t\t\t<\/div>\n\t\t\t\t<\/div>\n\t\t\t\t\t<\/div>\n\t\t\t\t<\/div>\n\t\t<div class=\"elementor-element elementor-element-092ec56 e-flex e-con-boxed e-con e-parent\" data-id=\"092ec56\" data-element_type=\"container\">\n\t\t\t\t\t<div class=\"e-con-inner\">\n\t\t<div class=\"elementor-element elementor-element-9fd77c4 e-con-full e-flex e-con e-child\" data-id=\"9fd77c4\" data-element_type=\"container\">\n\t\t\t\t<div class=\"elementor-element elementor-element-26d6d96 elementor-widget elementor-widget-heading\" data-id=\"26d6d96\" data-element_type=\"widget\" data-widget_type=\"heading.default\">\n\t\t\t\t\t<h3 class=\"elementor-heading-title elementor-size-default\">R\u00e9alisations<\/h3>\t\t\t\t<\/div>\n\t\t\t\t<div class=\"elementor-element elementor-element-32a28b1 elementor-widget elementor-widget-text-editor\" data-id=\"32a28b1\" data-element_type=\"widget\" data-widget_type=\"text-editor.default\">\n\t\t\t\t\t\t\t\t\t<p>Lorem ipsum dolor sit amet, consectetur adipisicing elit, sed do eiusmod tempor incididunt<\/p>\t\t\t\t\t\t\t\t<\/div>\n\t\t<div class=\"elementor-element elementor-element-6712c0e e-con-full e-flex e-con e-child\" data-id=\"6712c0e\" data-element_type=\"container\">\n\t\t<div class=\"elementor-element elementor-element-c1061f2 e-con-full e-flex e-con e-child\" data-id=\"c1061f2\" data-element_type=\"container\">\n\t\t\t\t<div class=\"elementor-element elementor-element-c5b654c elementor-widget-divider--view-line elementor-widget elementor-widget-divider\" data-id=\"c5b654c\" data-element_type=\"widget\" data-widget_type=\"divider.default\">\n\t\t\t\t\t\t\t<div class=\"elementor-divider\">\n\t\t\t<span class=\"elementor-divider-separator\">\n\t\t\t\t\t\t<\/span>\n\t\t<\/div>\n\t\t\t\t\t\t<\/div>\n\t\t\t\t<div class=\"elementor-element elementor-element-728f04e elementor-widget elementor-widget-counter\" data-id=\"728f04e\" data-element_type=\"widget\" data-widget_type=\"counter.default\">\n\t\t\t\t\t\t\t<div class=\"elementor-counter\">\n\t\t\t<div class=\"elementor-counter-title\">Touriste mondial<\/div>\t\t\t<div class=\"elementor-counter-number-wrapper\">\n\t\t\t\t<span class=\"elementor-counter-number-prefix\"><\/span>\n\t\t\t\t<span class=\"elementor-counter-number\" data-duration=\"2000\" data-to-value=\"100\" data-from-value=\"0\" data-delimiter=\",\">0<\/span>\n\t\t\t\t<span class=\"elementor-counter-number-suffix\">K+<\/span>\n\t\t\t<\/div>\n\t\t<\/div>\n\t\t\t\t\t\t<\/div>\n\t\t\t\t<\/div>\n\t\t<div class=\"elementor-element elementor-element-e32914a e-con-full e-flex e-con e-child\" data-id=\"e32914a\" data-element_type=\"container\">\n\t\t\t\t<div class=\"elementor-element elementor-element-4fff03b elementor-widget-divider--view-line elementor-widget elementor-widget-divider\" data-id=\"4fff03b\" data-element_type=\"widget\" data-widget_type=\"divider.default\">\n\t\t\t\t\t\t\t<div class=\"elementor-divider\">\n\t\t\t<span class=\"elementor-divider-separator\">\n\t\t\t\t\t\t<\/span>\n\t\t<\/div>\n\t\t\t\t\t\t<\/div>\n\t\t\t\t<div class=\"elementor-element elementor-element-a09ffe1 elementor-widget elementor-widget-counter\" data-id=\"a09ffe1\" data-element_type=\"widget\" data-widget_type=\"counter.default\">\n\t\t\t\t\t\t\t<div class=\"elementor-counter\">\n\t\t\t<div class=\"elementor-counter-title\">Animaux aid\u00e9s<\/div>\t\t\t<div class=\"elementor-counter-number-wrapper\">\n\t\t\t\t<span class=\"elementor-counter-number-prefix\"><\/span>\n\t\t\t\t<span class=\"elementor-counter-number\" data-duration=\"2000\" data-to-value=\"500\" data-from-value=\"0\" data-delimiter=\",\">0<\/span>\n\t\t\t\t<span class=\"elementor-counter-number-suffix\">+<\/span>\n\t\t\t<\/div>\n\t\t<\/div>\n\t\t\t\t\t\t<\/div>\n\t\t\t\t<\/div>\n\t\t<div class=\"elementor-element elementor-element-ab475e8 e-con-full e-flex e-con e-child\" data-id=\"ab475e8\" data-element_type=\"container\">\n\t\t\t\t<div class=\"elementor-element elementor-element-63eff0d elementor-widget-divider--view-line elementor-widget elementor-widget-divider\" data-id=\"63eff0d\" data-element_type=\"widget\" data-widget_type=\"divider.default\">\n\t\t\t\t\t\t\t<div class=\"elementor-divider\">\n\t\t\t<span class=\"elementor-divider-separator\">\n\t\t\t\t\t\t<\/span>\n\t\t<\/div>\n\t\t\t\t\t\t<\/div>\n\t\t\t\t<div class=\"elementor-element elementor-element-c111b01 elementor-widget elementor-widget-counter\" data-id=\"c111b01\" data-element_type=\"widget\" data-widget_type=\"counter.default\">\n\t\t\t\t\t\t\t<div class=\"elementor-counter\">\n\t\t\t<div class=\"elementor-counter-title\">Fonds r\u00e9colt\u00e9s<\/div>\t\t\t<div class=\"elementor-counter-number-wrapper\">\n\t\t\t\t<span class=\"elementor-counter-number-prefix\">$<\/span>\n\t\t\t\t<span class=\"elementor-counter-number\" data-duration=\"2000\" data-to-value=\"20\" data-from-value=\"0\" data-delimiter=\",\">0<\/span>\n\t\t\t\t<span class=\"elementor-counter-number-suffix\">M+<\/span>\n\t\t\t<\/div>\n\t\t<\/div>\n\t\t\t\t\t\t<\/div>\n\t\t\t\t<\/div>\n\t\t<div class=\"elementor-element elementor-element-2f01eb1 e-con-full e-flex e-con e-child\" data-id=\"2f01eb1\" data-element_type=\"container\">\n\t\t\t\t<div class=\"elementor-element elementor-element-795c932 elementor-widget-divider--view-line elementor-widget elementor-widget-divider\" data-id=\"795c932\" data-element_type=\"widget\" data-widget_type=\"divider.default\">\n\t\t\t\t\t\t\t<div class=\"elementor-divider\">\n\t\t\t<span class=\"elementor-divider-separator\">\n\t\t\t\t\t\t<\/span>\n\t\t<\/div>\n\t\t\t\t\t\t<\/div>\n\t\t\t\t<div class=\"elementor-element elementor-element-8c4bc5b elementor-widget elementor-widget-counter\" data-id=\"8c4bc5b\" data-element_type=\"widget\" data-widget_type=\"counter.default\">\n\t\t\t\t\t\t\t<div class=\"elementor-counter\">\n\t\t\t<div class=\"elementor-counter-title\">Pieds carr\u00e9s nettoy\u00e9s<\/div>\t\t\t<div class=\"elementor-counter-number-wrapper\">\n\t\t\t\t<span class=\"elementor-counter-number-prefix\"><\/span>\n\t\t\t\t<span class=\"elementor-counter-number\" data-duration=\"2000\" data-to-value=\"35000\" data-from-value=\"0\" data-delimiter=\",\">0<\/span>\n\t\t\t\t<span class=\"elementor-counter-number-suffix\">M<\/span>\n\t\t\t<\/div>\n\t\t<\/div>\n\t\t\t\t\t\t<\/div>\n\t\t\t\t<\/div>\n\t\t\t\t<\/div>\n\t\t\t\t<\/div>\n\t\t\t\t\t<\/div>\n\t\t\t\t<\/div>\n\t\t<div class=\"elementor-element elementor-element-124cd0a e-flex e-con-boxed e-con e-parent\" data-id=\"124cd0a\" data-element_type=\"container\" data-settings=\"{&quot;background_background&quot;:&quot;classic&quot;}\">\n\t\t\t\t\t<div class=\"e-con-inner\">\n\t\t<div class=\"elementor-element elementor-element-6597219 e-con-full e-flex e-con e-child\" data-id=\"6597219\" data-element_type=\"container\">\n\t\t\t\t<\/div>\n\t\t\t\t\t<\/div>\n\t\t\t\t<\/div>\n\t\t<div class=\"elementor-element elementor-element-e8e3c74 e-con-full e-flex e-con e-parent\" data-id=\"e8e3c74\" data-element_type=\"container\" data-settings=\"{&quot;background_background&quot;:&quot;gradient&quot;}\">\n\t\t<div class=\"elementor-element elementor-element-c9ea17f e-con-full e-flex e-con e-child\" data-id=\"c9ea17f\" data-element_type=\"container\">\n\t\t<div class=\"elementor-element elementor-element-6bf3e29 e-flex e-con-boxed e-con e-child\" data-id=\"6bf3e29\" data-element_type=\"container\">\n\t\t\t\t\t<div class=\"e-con-inner\">\n\t\t<div class=\"elementor-element elementor-element-0faf515 e-con-full e-flex e-con e-child\" data-id=\"0faf515\" data-element_type=\"container\">\n\t\t\t\t<div class=\"elementor-element elementor-element-3adf04b elementor-widget elementor-widget-heading\" data-id=\"3adf04b\" data-element_type=\"widget\" data-widget_type=\"heading.default\">\n\t\t\t\t\t<h2 class=\"elementor-heading-title elementor-size-default\">Safari\nau paradis<\/h2>\t\t\t\t<\/div>\n\t\t\t\t<div class=\"elementor-element elementor-element-f16c4b8 elementor-widget elementor-widget-heading\" data-id=\"f16c4b8\" data-element_type=\"widget\" data-widget_type=\"heading.default\">\n\t\t\t\t\t<h5 class=\"elementor-heading-title elementor-size-default\">Duis vestibulum, sem a auctor porttitor, sem tellus posuere tortor, eget<\/h5>\t\t\t\t<\/div>\n\t\t\t\t<div class=\"elementor-element elementor-element-c61c961 elementor-widget elementor-widget-button\" data-id=\"c61c961\" data-element_type=\"widget\" data-widget_type=\"button.default\">\n\t\t\t\t\t\t\t\t\t\t<a class=\"elementor-button elementor-button-link elementor-size-sm\" href=\"#\">\n\t\t\t\t\t\t<span class=\"elementor-button-content-wrapper\">\n\t\t\t\t\t\t\t\t\t<span class=\"elementor-button-text\">Tourn\u00e9e de promotion du livre<\/span>\n\t\t\t\t\t<\/span>\n\t\t\t\t\t<\/a>\n\t\t\t\t\t\t\t\t<\/div>\n\t\t\t\t<\/div>\n\t\t<div class=\"elementor-element elementor-element-0259ea6 e-con-full e-flex e-con e-child\" data-id=\"0259ea6\" data-element_type=\"container\">\n\t\t\t\t<div class=\"elementor-element elementor-element-745be76 elementor-widget elementor-widget-image\" data-id=\"745be76\" data-element_type=\"widget\" data-widget_type=\"image.default\">\n\t\t\t\t\t\t\t\t\t\t\t\t\t\t\t<img decoding=\"async\" width=\"435\" height=\"589\" src=\"https:\/\/safarienko.com\/wp-content\/uploads\/2022\/10\/pngg_19.png\" class=\"attachment-full size-full wp-image-70\" alt=\"pngg 19\" srcset=\"https:\/\/safarienko.com\/wp-content\/uploads\/2022\/10\/pngg_19.png 435w, https:\/\/safarienko.com\/wp-content\/uploads\/2022\/10\/pngg_19-222x300.png 222w\" sizes=\"(max-width: 435px) 100vw, 435px\" title=\"Conscience\">\t\t\t\t\t\t\t\t\t\t\t\t\t\t\t<\/div>\n\t\t\t\t<\/div>\n\t\t\t\t\t<\/div>\n\t\t\t\t<\/div>\n\t\t<div class=\"elementor-element elementor-element-66879a2 e-con-full e-flex e-con e-child\" data-id=\"66879a2\" data-element_type=\"container\">\n\t\t<div class=\"elementor-element elementor-element-fc10dfd e-con-full e-flex e-con e-child\" data-id=\"fc10dfd\" data-element_type=\"container\">\n\t\t\t\t<div class=\"elementor-element elementor-element-cf26b6a elementor-widget elementor-widget-image\" data-id=\"cf26b6a\" data-element_type=\"widget\" data-widget_type=\"image.default\">\n\t\t\t\t\t\t\t\t\t\t\t\t\t\t\t<img decoding=\"async\" width=\"1920\" height=\"700\" src=\"https:\/\/safarienko.com\/wp-content\/uploads\/2022\/10\/bg-05.png\" class=\"attachment-full size-full wp-image-126\" alt=\"bg 05\" srcset=\"https:\/\/safarienko.com\/wp-content\/uploads\/2022\/10\/bg-05.png 1920w, https:\/\/safarienko.com\/wp-content\/uploads\/2022\/10\/bg-05-600x219.png 600w, https:\/\/safarienko.com\/wp-content\/uploads\/2022\/10\/bg-05-300x109.png 300w, https:\/\/safarienko.com\/wp-content\/uploads\/2022\/10\/bg-05-1024x373.png 1024w, https:\/\/safarienko.com\/wp-content\/uploads\/2022\/10\/bg-05-768x280.png 768w, https:\/\/safarienko.com\/wp-content\/uploads\/2022\/10\/bg-05-1536x560.png 1536w\" sizes=\"(max-width: 1920px) 100vw, 1920px\" title=\"Conscience\">\t\t\t\t\t\t\t\t\t\t\t\t\t\t\t<\/div>\n\t\t\t\t<\/div>\n\t\t\t\t<\/div>\n\t\t\t\t<\/div>\n\t\t\t\t<\/div>\n\t\t\t\t<\/div>","protected":false},"excerpt":{"rendered":"<p>Conservation at Wildlife Safari Awareness Lorem ipsum dolor sit amet Mufasa Safari is working to preserve &amp; protect wild incredible species Supporting conservation efforts Duis semper ac nunc ut pharetra. Ut fermentum euismod odio, sed mattis sapien rhoncus eu. Aliquam erat volutpat. Phasellus laoreet rhoncus dolor, quis feugiat turpis porttitor ac. In hac habitasse platea [&hellip;]<\/p>\n","protected":false},"author":1,"featured_media":0,"parent":0,"menu_order":0,"comment_status":"closed","ping_status":"closed","template":"","meta":{"_acf_changed":false,"site-sidebar-layout":"no-sidebar","site-content-layout":"page-builder","ast-site-content-layout":"default","site-content-style":"default","site-sidebar-style":"default","ast-global-header-display":"","ast-banner-title-visibility":"","ast-main-header-display":"","ast-hfb-above-header-display":"","ast-hfb-below-header-display":"","ast-hfb-mobile-header-display":"","site-post-title":"disabled","ast-breadcrumbs-content":"","ast-featured-img":"disabled","footer-sml-layout":"","theme-transparent-header-meta":"enabled","adv-header-id-meta":"","stick-header-meta":"","header-above-stick-meta":"","header-main-stick-meta":"","header-below-stick-meta":"","astra-migrate-meta-layouts":"default","ast-page-background-enabled":"default","ast-page-background-meta":{"desktop":{"background-color":"var(--ast-global-color-4)","background-image":"","background-repeat":"repeat","background-position":"center center","background-size":"auto","background-attachment":"scroll","background-type":"","background-media":"","overlay-type":"","overlay-color":"","overlay-opacity":"","overlay-gradient":""},"tablet":{"background-color":"","background-image":"","background-repeat":"repeat","background-position":"center center","background-size":"auto","background-attachment":"scroll","background-type":"","background-media":"","overlay-type":"","overlay-color":"","overlay-opacity":"","overlay-gradient":""},"mobile":{"background-color":"","background-image":"","background-repeat":"repeat","background-position":"center center","background-size":"auto","background-attachment":"scroll","background-type":"","background-media":"","overlay-type":"","overlay-color":"","overlay-opacity":"","overlay-gradient":""}},"ast-content-background-meta":{"desktop":{"background-color":"var(--ast-global-color-5)","background-image":"","background-repeat":"repeat","background-position":"center center","background-size":"auto","background-attachment":"scroll","background-type":"","background-media":"","overlay-type":"","overlay-color":"","overlay-opacity":"","overlay-gradient":""},"tablet":{"background-color":"var(--ast-global-color-5)","background-image":"","background-repeat":"repeat","background-position":"center center","background-size":"auto","background-attachment":"scroll","background-type":"","background-media":"","overlay-type":"","overlay-color":"","overlay-opacity":"","overlay-gradient":""},"mobile":{"background-color":"var(--ast-global-color-5)","background-image":"","background-repeat":"repeat","background-position":"center center","background-size":"auto","background-attachment":"scroll","background-type":"","background-media":"","overlay-type":"","overlay-color":"","overlay-opacity":"","overlay-gradient":""}},"footnotes":""},"class_list":["post-656","page","type-page","status-publish","hentry"],"acf":[],"_links":{"self":[{"href":"https:\/\/safarienko.com\/fr\/wp-json\/wp\/v2\/pages\/656","targetHints":{"allow":["GET"]}}],"collection":[{"href":"https:\/\/safarienko.com\/fr\/wp-json\/wp\/v2\/pages"}],"about":[{"href":"https:\/\/safarienko.com\/fr\/wp-json\/wp\/v2\/types\/page"}],"author":[{"embeddable":true,"href":"https:\/\/safarienko.com\/fr\/wp-json\/wp\/v2\/users\/1"}],"replies":[{"embeddable":true,"href":"https:\/\/safarienko.com\/fr\/wp-json\/wp\/v2\/comments?post=656"}],"version-history":[{"count":0,"href":"https:\/\/safarienko.com\/fr\/wp-json\/wp\/v2\/pages\/656\/revisions"}],"wp:attachment":[{"href":"https:\/\/safarienko.com\/fr\/wp-json\/wp\/v2\/media?parent=656"}],"curies":[{"name":"wp","href":"https:\/\/api.w.org\/{rel}","templated":true}]}}