{"id":735,"date":"2025-08-06T15:20:41","date_gmt":"2025-08-06T15:20:41","guid":{"rendered":"https:\/\/safarienko.com\/?post_type=product&#038;p=735"},"modified":"2025-08-14T15:52:16","modified_gmt":"2025-08-14T15:52:16","slug":"safari-booking","status":"publish","type":"product","link":"https:\/\/safarienko.com\/fr\/booking\/safari-booking\/","title":{"rendered":"R\u00e9servation de safari"},"content":{"rendered":"<p>Le Lorem Ipsum est simplement du faux texte employ\u00e9 dans l'industrie de l'imprimerie et de la mise en page. Le Lorem Ipsum est le faux texte standard de l'industrie depuis les ann\u00e9es 1500, lorsqu'un imprimeur inconnu prit une planche de caract\u00e8res et les m\u00e9langea pour cr\u00e9er un livre sp\u00e9cimen de polices. Le Lorem Ipsum est simplement du faux texte employ\u00e9 dans l'industrie de l'imprimerie et de la mise en page. Le Lorem Ipsum est le faux texte standard de l'industrie depuis les ann\u00e9es 1500, lorsqu'un imprimeur inconnu prit une planche de caract\u00e8res et les m\u00e9langea pour cr\u00e9er un livre sp\u00e9cimen de polices. Le Lorem Ipsum est simplement du faux texte employ\u00e9 dans l'industrie de l'imprimerie et de la mise en page. Le Lorem Ipsum est le faux texte standard de l'industrie depuis les ann\u00e9es 1500, lorsqu'un imprimeur inconnu prit une planche de caract\u00e8res et les m\u00e9langea pour cr\u00e9er un livre sp\u00e9cimen de polices.<\/p>","protected":false},"excerpt":{"rendered":"<p>Booking daily tours for an activity? This is your starting point. You can book tours with varying costs and types of guests.<\/p>","protected":false},"featured_media":650,"comment_status":"open","ping_status":"closed","template":"","meta":{"_acf_changed":false,"site-sidebar-layout":"no-sidebar","site-content-layout":"page-builder","ast-site-content-layout":"full-width-container","site-content-style":"default","site-sidebar-style":"default","ast-global-header-display":"","ast-banner-title-visibility":"","ast-main-header-display":"","ast-hfb-above-header-display":"","ast-hfb-below-header-display":"","ast-hfb-mobile-header-display":"","site-post-title":"disabled","ast-breadcrumbs-content":"","ast-featured-img":"disabled","footer-sml-layout":"","theme-transparent-header-meta":"default","adv-header-id-meta":"","stick-header-meta":"","header-above-stick-meta":"","header-main-stick-meta":"","header-below-stick-meta":"","astra-migrate-meta-layouts":"set","ast-page-background-enabled":"default","ast-page-background-meta":{"desktop":{"background-color":"var(--ast-global-color-4)","background-image":"","background-repeat":"repeat","background-position":"center center","background-size":"auto","background-attachment":"scroll","background-type":"","background-media":"","overlay-type":"","overlay-color":"","overlay-opacity":"","overlay-gradient":""},"tablet":{"background-color":"","background-image":"","background-repeat":"repeat","background-position":"center center","background-size":"auto","background-attachment":"scroll","background-type":"","background-media":"","overlay-type":"","overlay-color":"","overlay-opacity":"","overlay-gradient":""},"mobile":{"background-color":"","background-image":"","background-repeat":"repeat","background-position":"center center","background-size":"auto","background-attachment":"scroll","background-type":"","background-media":"","overlay-type":"","overlay-color":"","overlay-opacity":"","overlay-gradient":""}},"ast-content-background-meta":{"desktop":{"background-color":"var(--ast-global-color-5)","background-image":"","background-repeat":"repeat","background-position":"center center","background-size":"auto","background-attachment":"scroll","background-type":"","background-media":"","overlay-type":"","overlay-color":"","overlay-opacity":"","overlay-gradient":""},"tablet":{"background-color":"var(--ast-global-color-5)","background-image":"","background-repeat":"repeat","background-position":"center center","background-size":"auto","background-attachment":"scroll","background-type":"","background-media":"","overlay-type":"","overlay-color":"","overlay-opacity":"","overlay-gradient":""},"mobile":{"background-color":"var(--ast-global-color-5)","background-image":"","background-repeat":"repeat","background-position":"center center","background-size":"auto","background-attachment":"scroll","background-type":"","background-media":"","overlay-type":"","overlay-color":"","overlay-opacity":"","overlay-gradient":""}}},"product_brand":[],"product_cat":[20],"product_tag":[],"class_list":{"0":"post-735","1":"product","2":"type-product","3":"status-publish","4":"has-post-thumbnail","6":"product_cat-uncategorized","7":"desktop-align-left","8":"tablet-align-left","9":"mobile-align-left","11":"first","12":"instock","13":"virtual","14":"sold-individually","15":"purchasable","16":"product-type-booking"},"acf":[],"_links":{"self":[{"href":"https:\/\/safarienko.com\/fr\/wp-json\/wp\/v2\/product\/735","targetHints":{"allow":["GET"]}}],"collection":[{"href":"https:\/\/safarienko.com\/fr\/wp-json\/wp\/v2\/product"}],"about":[{"href":"https:\/\/safarienko.com\/fr\/wp-json\/wp\/v2\/types\/product"}],"replies":[{"embeddable":true,"href":"https:\/\/safarienko.com\/fr\/wp-json\/wp\/v2\/comments?post=735"}],"wp:featuredmedia":[{"embeddable":true,"href":"https:\/\/safarienko.com\/fr\/wp-json\/wp\/v2\/media\/650"}],"wp:attachment":[{"href":"https:\/\/safarienko.com\/fr\/wp-json\/wp\/v2\/media?parent=735"}],"wp:term":[{"taxonomy":"product_brand","embeddable":true,"href":"https:\/\/safarienko.com\/fr\/wp-json\/wp\/v2\/product_brand?post=735"},{"taxonomy":"product_cat","embeddable":true,"href":"https:\/\/safarienko.com\/fr\/wp-json\/wp\/v2\/product_cat?post=735"},{"taxonomy":"product_tag","embeddable":true,"href":"https:\/\/safarienko.com\/fr\/wp-json\/wp\/v2\/product_tag?post=735"}],"curies":[{"name":"wp","href":"https:\/\/api.w.org\/{rel}","templated":true}]}}